{"id":2930,"date":"2025-02-28T16:16:28","date_gmt":"2025-02-28T19:16:28","guid":{"rendered":"https:\/\/caicaradoriodovento.rn.leg.br\/transparente\/?page_id=2930"},"modified":"2025-04-17T18:54:55","modified_gmt":"2025-04-17T21:54:55","slug":"pregao","status":"publish","type":"page","link":"https:\/\/caicaradoriodovento.rn.leg.br\/transparente\/pregao\/","title":{"rendered":"Preg\u00e3o"},"content":{"rendered":"\t\t<div data-elementor-type=\"wp-page\" data-elementor-id=\"2930\" class=\"elementor elementor-2930\" data-elementor-post-type=\"page\">\n\t\t\t\t<div class=\"elementor-element elementor-element-401be18 e-transform e-flex e-con-boxed e-con e-parent\" data-id=\"401be18\" data-element_type=\"container\" data-settings=\"{&quot;background_background&quot;:&quot;classic&quot;,&quot;_transform_translateY_effect&quot;:{&quot;unit&quot;:&quot;px&quot;,&quot;size&quot;:-80,&quot;sizes&quot;:[]},&quot;_transform_translateX_effect&quot;:{&quot;unit&quot;:&quot;px&quot;,&quot;size&quot;:&quot;&quot;,&quot;sizes&quot;:[]},&quot;_transform_translateX_effect_tablet&quot;:{&quot;unit&quot;:&quot;px&quot;,&quot;size&quot;:&quot;&quot;,&quot;sizes&quot;:[]},&quot;_transform_translateX_effect_mobile&quot;:{&quot;unit&quot;:&quot;px&quot;,&quot;size&quot;:&quot;&quot;,&quot;sizes&quot;:[]},&quot;_transform_translateY_effect_tablet&quot;:{&quot;unit&quot;:&quot;px&quot;,&quot;size&quot;:&quot;&quot;,&quot;sizes&quot;:[]},&quot;_transform_translateY_effect_mobile&quot;:{&quot;unit&quot;:&quot;px&quot;,&quot;size&quot;:&quot;&quot;,&quot;sizes&quot;:[]}}\">\n\t\t\t\t\t<div class=\"e-con-inner\">\n\t\t<div class=\"elementor-element elementor-element-40941f2 e-con-full e-grid e-con e-child\" data-id=\"40941f2\" data-element_type=\"container\">\n\t\t\t\t<div class=\"elementor-element elementor-element-e450e2e elementor-widget elementor-widget-text-editor\" data-id=\"e450e2e\" data-element_type=\"widget\" data-widget_type=\"text-editor.default\">\n\t\t\t\t<div class=\"elementor-widget-container\">\n\t\t\t\t\t\t\t\t\t<p style=\"text-align: right;\">| <a href=\"https:\/\/caicaradoriodovento.rn.leg.br\/transparente\/wp-content\/uploads\/2025\/04\/export.csv\" target=\"_blank\" rel=\"noopener\">\u00a0<strong>CSV\u2193<\/strong><\/a> |\u00a0 <strong><a href=\"\/feed\" target=\"_blank\" rel=\"noopener\">TXT\u2193<\/a><\/strong>\u00a0\u00a0| <a href=\"?print=pdf\" target=\"_blank\" rel=\"noopener\"><strong>PDF\u2193<\/strong><\/a> |<\/p>\t\t\t\t\t\t\t\t<\/div>\n\t\t\t\t<\/div>\n\t\t\t\t<\/div>\n\t\t\t\t<div class=\"elementor-element elementor-element-423dcb8 e-n-tabs-mobile elementor-widget elementor-widget-n-tabs\" data-id=\"423dcb8\" data-element_type=\"widget\" data-settings=\"{&quot;horizontal_scroll&quot;:&quot;disable&quot;}\" data-widget_type=\"nested-tabs.default\">\n\t\t\t\t<div class=\"elementor-widget-container\">\n\t\t\t\t\t\t\t<div class=\"e-n-tabs\" data-widget-number=\"69459128\" aria-label=\"Abas. Abra itens com &quot;Enter&quot; ou &quot;Espa\u00e7o&quot;, feche com &quot;Escape&quot; e navegue usando as teclas de &quot;Seta&quot;.\">\n\t\t\t<div class=\"e-n-tabs-heading\" role=\"tablist\">\n\t\t\t\t\t<button id=\"e-n-tab-title-694591281\" data-tab-title-id=\"e-n-tab-title-694591281\" class=\"e-n-tab-title\" aria-selected=\"true\" data-tab-index=\"1\" role=\"tab\" tabindex=\"0\" aria-controls=\"e-n-tab-content-694591281\" style=\"--n-tabs-title-order: 1;\">\n\t\t\t\t\t\t<span class=\"e-n-tab-title-text\">\n\t\t\t\tPREG\u00c3O PRESENCIAL\t\t\t<\/span>\n\t\t<\/button>\n\t\t\t\t<button id=\"e-n-tab-title-694591282\" data-tab-title-id=\"e-n-tab-title-694591282\" class=\"e-n-tab-title\" aria-selected=\"false\" data-tab-index=\"2\" role=\"tab\" tabindex=\"-1\" aria-controls=\"e-n-tab-content-694591282\" style=\"--n-tabs-title-order: 2;\">\n\t\t\t\t\t\t<span class=\"e-n-tab-title-text\">\n\t\t\t\tPREG\u00c3O ELETR\u00d4NICO\t\t\t<\/span>\n\t\t<\/button>\n\t\t\t\t\t<\/div>\n\t\t\t<div class=\"e-n-tabs-content\">\n\t\t\t\t<div id=\"e-n-tab-content-694591281\" role=\"tabpanel\" aria-labelledby=\"e-n-tab-title-694591281\" data-tab-index=\"1\" style=\"--n-tabs-title-order: 1;\" class=\"e-active elementor-element elementor-element-b67f271 e-con-full e-flex e-con e-child\" data-id=\"b67f271\" data-element_type=\"container\">\n\t\t<div class=\"elementor-element elementor-element-303470e e-flex e-con-boxed e-con e-child\" data-id=\"303470e\" data-element_type=\"container\">\n\t\t\t\t\t<div class=\"e-con-inner\">\n\t\t\t\t<div class=\"elementor-element elementor-element-828edeb elementor-widget elementor-widget-html\" data-id=\"828edeb\" data-element_type=\"widget\" data-widget_type=\"html.default\">\n\t\t\t\t<div class=\"elementor-widget-container\">\n\t\t\t\t\t\n\n    <div class='data-table-23 tableon-data-table  tableon_default_tables ' data-skin=\"default\" data-post-type=\"post\" id='t69e36ba2d6e4e'>\n        <input type=\"search\" data-key=\"post_title\" value=\"\" minlength=\"3\" class=\"tableon-text-search\"  placeholder=\"Pesquise pelo n\u00famero ou termo\" \/>\n\n\n                    <div class=\"tableon-filter-data\" style=\"display: none;\">{\"category\":{\"title\":\"S\\u00e9rie hist\\u00f3rica\",\"view\":\"select\",\"options\":[{\"id\":69,\"name\":\"Cadastro\",\"slug\":\"cadastro\",\"title\":\" Cadastro\"}]},\"post_date\":{\"view\":\"calendar\",\"placeholder\":\"De:\",\"title\":\"De:\"},\"post_date---to\":{\"view\":\"calendar\",\"placeholder\":\"Para:\",\"title\":\"Para:\"},\"post_tag\":{\"title\":\"Status\",\"view\":\"select\",\"options\":[{\"id\":67,\"name\":\"ENCERRADO\",\"slug\":\"encerrado\",\"title\":\" ENCERRADO\"}]}}<\/div>\n\n                                            <div class=\"tableon-filter-list  \"><\/div>\n            \n            <div class=\"tableon-clearfix\"><\/div>\n        \n        <div class=\"tableon-order-select-zone\" style=\"float:right;\">\n                    <\/div>  \n\n        <div class=\"tableon-clearfix\"><\/div>\n\n        <div class=\"table23-place-loader\">Loading ...<\/div>\n        <table class=\"tableon-table\"><\/table>\n\n    <\/div>\n\n\n    <style data-table23-skin='default' data-table23-skin-of='t69e36ba2d6e4e'><\/style><div class='tableon-table-json-data' data-table-id='t69e36ba2d6e4e' style='display: none;'>{\"mode\":\"ajax\",\"wp_nonce\":\"5bcb2742ef\",\"ajax_url\":\"https:\\\/\\\/caicaradoriodovento.rn.leg.br\\\/transparente\\\/wp-admin\\\/admin-ajax.php\",\"selected_lang\":\"pt_BR\",\"table_data\":[],\"heads\":{\"post_title\":\"PUBLICA\\u00c7\\u00c3O\",\"category\":\"CATEGORIA\",\"post_tag\":\"STATUS\"},\"hide_on_mobile\":[\"post_tag\"],\"cells_width\":[\"auto\",\"auto\",\"auto\"],\"orders\":{\"id\":\"desc\",\"post_title\":\"asc\",\"post_status\":\"asc\",\"post_date\":\"desc\",\"post_modified\":\"desc\",\"comment_count\":\"desc\"},\"editable\":[],\"custom_field_keys\":[],\"total_rows_count\":25,\"use_load_more\":false,\"css_classes\":\"\",\"no_found_text\":\"\",\"show_print_btn\":1,\"post_id\":0,\"compact_view_width\":-1,\"stop_notice\":\"\",\"use_flow_header\":1,\"style\":\"\",\"skin\":\"\",\"pagination\":{\"position\":\"tb\",\"next\":{\"class\":\"tableon-btn\",\"content\":\"&gt;\"},\"prev\":{\"class\":\"tableon-btn\",\"content\":\"&lt;\"},\"input\":{\"class\":\"tableon-form-control\"}},\"lang\":{\"loading\":\"Loading ...\",\"no_data\":\"N\\u00e3o Publica\\u00e7\\u00e3o at\\u00e9 este momento!\",\"error\":\"Error!\",\"items\":\"Posts\",\"page\":\"Page\",\"pages\":\"Pages\",\"load_more\":\"Load More\"},\"per_page_sel_position\":\"tb\",\"per_page_sel_pp\":[\"10\",\"20\",\"30\",\"40\",\"50\",\"60\",\"70\",\"80\",\"90\",\"100\"],\"print_css_url\":\"https:\\\/\\\/caicaradoriodovento.rn.leg.br\\\/transparente\\\/wp-content\\\/plugins\\\/posts-table-filterable\\\/assets\\\/css\\\/print.css\",\"request_data\":{\"action\":\"tableon_get_table_data\",\"fields\":[\"post_title\",\"category\",\"post_tag\"],\"post_type\":\"post\",\"wp_columns_actions\":\"tableon_default_tables\",\"table_id\":12,\"predefinition\":\"eyJydWxlcyI6eyJub3RfYnlfdGF4b25vbXkiOiItMSIsImJ5X3RheG9ub215IjoiY2F0ZWdvcnk6IDY4In19\",\"filter_data\":\"\",\"filter_provider\":\"default\",\"orderby\":\"id\",\"order\":\"desc\",\"per_page\":25,\"current_page\":0,\"shortcode_args_set\":\"eyJpZCI6IjEyIiwiYWN0aW9uIjoidGFibGVvbl9kZWZhdWx0X3RhYmxlcyIsIm5vX2ZvdW5kX3RleHQiOiIiLCJ1c2VfZmxvd19oZWFkZXIiOjF9\",\"tableon_link_get_data\":\"[]\"}}<\/div>\t\t\t\t<\/div>\n\t\t\t\t<\/div>\n\t\t\t\t\t<\/div>\n\t\t\t\t<\/div>\n\t\t\t\t<\/div>\n\t\t<div id=\"e-n-tab-content-694591282\" role=\"tabpanel\" aria-labelledby=\"e-n-tab-title-694591282\" data-tab-index=\"2\" style=\"--n-tabs-title-order: 2;\" class=\" elementor-element elementor-element-950ef0c e-con-full e-flex e-con e-child\" data-id=\"950ef0c\" data-element_type=\"container\">\n\t\t\t\t<\/div>\n\t\t\t\t\t<\/div>\n\t\t<\/div>\n\t\t\t\t\t\t<\/div>\n\t\t\t\t<\/div>\n\t\t\t\t<div class=\"elementor-element elementor-element-70fb23ee elementor-widget elementor-widget-spacer\" data-id=\"70fb23ee\" data-element_type=\"widget\" data-widget_type=\"spacer.default\">\n\t\t\t\t<div class=\"elementor-widget-container\">\n\t\t\t\t\t\t\t<div class=\"elementor-spacer\">\n\t\t\t<div class=\"elementor-spacer-inner\"><\/div>\n\t\t<\/div>\n\t\t\t\t\t\t<\/div>\n\t\t\t\t<\/div>\n\t\t\t\t\t<\/div>\n\t\t\t\t<\/div>\n\t\t<div class=\"elementor-element elementor-element-649ec7c9 e-transform e-flex e-con-boxed e-con e-parent\" data-id=\"649ec7c9\" data-element_type=\"container\" data-settings=\"{&quot;background_background&quot;:&quot;classic&quot;,&quot;_transform_translateY_effect&quot;:{&quot;unit&quot;:&quot;px&quot;,&quot;size&quot;:-81,&quot;sizes&quot;:[]},&quot;_transform_translateX_effect&quot;:{&quot;unit&quot;:&quot;px&quot;,&quot;size&quot;:&quot;&quot;,&quot;sizes&quot;:[]},&quot;_transform_translateX_effect_tablet&quot;:{&quot;unit&quot;:&quot;px&quot;,&quot;size&quot;:&quot;&quot;,&quot;sizes&quot;:[]},&quot;_transform_translateX_effect_mobile&quot;:{&quot;unit&quot;:&quot;px&quot;,&quot;size&quot;:&quot;&quot;,&quot;sizes&quot;:[]},&quot;_transform_translateY_effect_tablet&quot;:{&quot;unit&quot;:&quot;px&quot;,&quot;size&quot;:&quot;&quot;,&quot;sizes&quot;:[]},&quot;_transform_translateY_effect_mobile&quot;:{&quot;unit&quot;:&quot;px&quot;,&quot;size&quot;:&quot;&quot;,&quot;sizes&quot;:[]}}\">\n\t\t\t\t\t<div class=\"e-con-inner\">\n\t\t\t\t<div class=\"elementor-element elementor-element-4f21eb24 elementor-widget elementor-widget-spacer\" data-id=\"4f21eb24\" data-element_type=\"widget\" data-widget_type=\"spacer.default\">\n\t\t\t\t<div class=\"elementor-widget-container\">\n\t\t\t\t\t\t\t<div class=\"elementor-spacer\">\n\t\t\t<div class=\"elementor-spacer-inner\"><\/div>\n\t\t<\/div>\n\t\t\t\t\t\t<\/div>\n\t\t\t\t<\/div>\n\t\t\t\t\t<\/div>\n\t\t\t\t<\/div>\n\t\t\t\t<\/div>\n\t\t","protected":false},"excerpt":{"rendered":"<p>| \u00a0CSV\u2193 |\u00a0 TXT\u2193\u00a0\u00a0| PDF\u2193 | PREG\u00c3O PRESENCIAL PREG\u00c3O ELETR\u00d4NICO<\/p>\n","protected":false},"author":1,"featured_media":0,"parent":0,"menu_order":0,"comment_status":"closed","ping_status":"closed","template":"","meta":{"ocean_post_layout":"","ocean_both_sidebars_style":"","ocean_both_sidebars_content_width":0,"ocean_both_sidebars_sidebars_width":0,"ocean_sidebar":"0","ocean_second_sidebar":"0","ocean_disable_margins":"enable","ocean_add_body_class":"","ocean_shortcode_before_top_bar":"","ocean_shortcode_after_top_bar":"","ocean_shortcode_before_header":"","ocean_shortcode_after_header":"","ocean_has_shortcode":"","ocean_shortcode_after_title":"","ocean_shortcode_before_footer_widgets":"","ocean_shortcode_after_footer_widgets":"","ocean_shortcode_before_footer_bottom":"","ocean_shortcode_after_footer_bottom":"","ocean_display_top_bar":"default","ocean_display_header":"default","ocean_header_style":"","ocean_center_header_left_menu":"0","ocean_custom_header_template":"0","ocean_custom_logo":0,"ocean_custom_retina_logo":0,"ocean_custom_logo_max_width":0,"ocean_custom_logo_tablet_max_width":0,"ocean_custom_logo_mobile_max_width":0,"ocean_custom_logo_max_height":0,"ocean_custom_logo_tablet_max_height":0,"ocean_custom_logo_mobile_max_height":0,"ocean_header_custom_menu":"0","ocean_menu_typo_font_family":"0","ocean_menu_typo_font_subset":"","ocean_menu_typo_font_size":0,"ocean_menu_typo_font_size_tablet":0,"ocean_menu_typo_font_size_mobile":0,"ocean_menu_typo_font_size_unit":"px","ocean_menu_typo_font_weight":"","ocean_menu_typo_font_weight_tablet":"","ocean_menu_typo_font_weight_mobile":"","ocean_menu_typo_transform":"","ocean_menu_typo_transform_tablet":"","ocean_menu_typo_transform_mobile":"","ocean_menu_typo_line_height":0,"ocean_menu_typo_line_height_tablet":0,"ocean_menu_typo_line_height_mobile":0,"ocean_menu_typo_line_height_unit":"","ocean_menu_typo_spacing":0,"ocean_menu_typo_spacing_tablet":0,"ocean_menu_typo_spacing_mobile":0,"ocean_menu_typo_spacing_unit":"","ocean_menu_link_color":"","ocean_menu_link_color_hover":"","ocean_menu_link_color_active":"","ocean_menu_link_background":"","ocean_menu_link_hover_background":"","ocean_menu_link_active_background":"","ocean_menu_social_links_bg":"","ocean_menu_social_hover_links_bg":"","ocean_menu_social_links_color":"","ocean_menu_social_hover_links_color":"","ocean_disable_title":"default","ocean_disable_heading":"default","ocean_post_title":"","ocean_post_subheading":"","ocean_post_title_style":"","ocean_post_title_background_color":"","ocean_post_title_background":0,"ocean_post_title_bg_image_position":"","ocean_post_title_bg_image_attachment":"","ocean_post_title_bg_image_repeat":"","ocean_post_title_bg_image_size":"","ocean_post_title_height":0,"ocean_post_title_bg_overlay":0.5,"ocean_post_title_bg_overlay_color":"","ocean_disable_breadcrumbs":"default","ocean_breadcrumbs_color":"","ocean_breadcrumbs_separator_color":"","ocean_breadcrumbs_links_color":"","ocean_breadcrumbs_links_hover_color":"","ocean_display_footer_widgets":"default","ocean_display_footer_bottom":"default","ocean_custom_footer_template":"0","_joinchat":[],"footnotes":""},"class_list":["post-2930","page","type-page","status-publish","hentry","entry"],"_links":{"self":[{"href":"https:\/\/caicaradoriodovento.rn.leg.br\/transparente\/wp-json\/wp\/v2\/pages\/2930","targetHints":{"allow":["GET"]}}],"collection":[{"href":"https:\/\/caicaradoriodovento.rn.leg.br\/transparente\/wp-json\/wp\/v2\/pages"}],"about":[{"href":"https:\/\/caicaradoriodovento.rn.leg.br\/transparente\/wp-json\/wp\/v2\/types\/page"}],"author":[{"embeddable":true,"href":"https:\/\/caicaradoriodovento.rn.leg.br\/transparente\/wp-json\/wp\/v2\/users\/1"}],"replies":[{"embeddable":true,"href":"https:\/\/caicaradoriodovento.rn.leg.br\/transparente\/wp-json\/wp\/v2\/comments?post=2930"}],"version-history":[{"count":10,"href":"https:\/\/caicaradoriodovento.rn.leg.br\/transparente\/wp-json\/wp\/v2\/pages\/2930\/revisions"}],"predecessor-version":[{"id":3852,"href":"https:\/\/caicaradoriodovento.rn.leg.br\/transparente\/wp-json\/wp\/v2\/pages\/2930\/revisions\/3852"}],"wp:attachment":[{"href":"https:\/\/caicaradoriodovento.rn.leg.br\/transparente\/wp-json\/wp\/v2\/media?parent=2930"}],"curies":[{"name":"wp","href":"https:\/\/api.w.org\/{rel}","templated":true}]}}