{"id":527,"date":"2025-01-28T12:39:11","date_gmt":"2025-01-28T15:39:11","guid":{"rendered":"https:\/\/caicaradoriodovento.rn.leg.br\/transparente\/?page_id=527"},"modified":"2025-06-10T16:16:47","modified_gmt":"2025-06-10T19:16:47","slug":"estrutura-organizacional","status":"publish","type":"page","link":"https:\/\/caicaradoriodovento.rn.leg.br\/transparente\/estrutura-organizacional\/","title":{"rendered":"Estrutura Organizacional"},"content":{"rendered":"\t\t<div data-elementor-type=\"wp-page\" data-elementor-id=\"527\" class=\"elementor elementor-527\" data-elementor-post-type=\"page\">\n\t\t\t\t<div class=\"elementor-element elementor-element-8fbaf13 e-flex e-con-boxed e-con e-parent\" data-id=\"8fbaf13\" data-element_type=\"container\">\n\t\t\t\t\t<div class=\"e-con-inner\">\n\t\t\t\t<div class=\"elementor-element elementor-element-63ace6c elementor-widget elementor-widget-html\" data-id=\"63ace6c\" data-element_type=\"widget\" data-widget_type=\"html.default\">\n\t\t\t\t<div class=\"elementor-widget-container\">\n\t\t\t\t\t<div align=\"right\">|\u00a0<strong><a href=\"\/feed\" target=\"_blank\" rel=\"noopener\">XML\u2193<\/a><\/strong>\u00a0| >\u00a0| <a href=\"?print=pdf\" target=\"_blank\" rel=\"noopener\"><strong>PDF<\/strong>\u2193<\/a>\u00a0\u00a0| <a href=\"?print=print\" target=\"_blank\" rel=\"noopener\"><strong>IMPRIMIR<\/strong>\u2193<\/a>\u00a0\u00a0|<\/div>\r\n&nbsp;\t\t\t\t<\/div>\n\t\t\t\t<\/div>\n\t\t\t\t<div class=\"elementor-element elementor-element-f87eea4 elementor-widget elementor-widget-text-editor\" data-id=\"f87eea4\" data-element_type=\"widget\" data-widget_type=\"text-editor.default\">\n\t\t\t\t<div class=\"elementor-widget-container\">\n\t\t\t\t\t\t\t\t\t<h3 data-start=\"128\" data-end=\"152\"><strong data-start=\"132\" data-end=\"152\">1. Mesa Diretora<\/strong><\/h3><div class=\"_tableContainer_16hzy_1\"><div class=\"_tableWrapper_16hzy_14 group flex w-fit flex-col-reverse\" tabindex=\"-1\"><table class=\"w-fit min-w-(--thread-content-width)\" data-start=\"154\" data-end=\"314\"><thead data-start=\"154\" data-end=\"176\"><tr data-start=\"154\" data-end=\"176\"><th data-start=\"154\" data-end=\"176\" data-col-size=\"sm\">Cargo<\/th><\/tr><\/thead><tbody data-start=\"200\" data-end=\"314\"><tr data-start=\"200\" data-end=\"222\"><td data-start=\"200\" data-end=\"222\" data-col-size=\"sm\">Presidente<\/td><\/tr><tr data-start=\"223\" data-end=\"245\"><td data-start=\"223\" data-end=\"245\" data-col-size=\"sm\">Vice-Presidente<\/td><\/tr><tr data-start=\"246\" data-end=\"268\"><td data-start=\"246\" data-end=\"268\" data-col-size=\"sm\">1\u00ba Secret\u00e1rio<\/td><\/tr><tr data-start=\"269\" data-end=\"291\"><td data-start=\"269\" data-end=\"291\" data-col-size=\"sm\">2\u00ba Secret\u00e1rio<\/td><\/tr><tr data-start=\"292\" data-end=\"314\"><td data-start=\"292\" data-end=\"314\" data-col-size=\"sm\">Demais Vereadores<\/td><\/tr><\/tbody><\/table><div class=\"sticky end-(--thread-content-margin) h-0 self-end select-none\"><div class=\"absolute end-0 flex items-end\">\u00a0<\/div><\/div><\/div><\/div><hr data-start=\"316\" data-end=\"319\" \/><h3 data-start=\"321\" data-end=\"358\"><strong data-start=\"325\" data-end=\"358\">2. Departamentos e Secretaria<\/strong><\/h3><div class=\"_tableContainer_16hzy_1\"><div class=\"_tableWrapper_16hzy_14 group flex w-fit flex-col-reverse\" tabindex=\"-1\"><table class=\"w-fit min-w-(--thread-content-width)\" data-start=\"360\" data-end=\"571\"><thead data-start=\"360\" data-end=\"394\"><tr data-start=\"360\" data-end=\"394\"><th data-start=\"360\" data-end=\"394\" data-col-size=\"sm\">Setor Administrativo<\/th><\/tr><\/thead><tbody data-start=\"430\" data-end=\"571\"><tr data-start=\"430\" data-end=\"464\"><td data-start=\"430\" data-end=\"464\" data-col-size=\"sm\">Secretaria da C\u00e2mara<\/td><\/tr><tr data-start=\"465\" data-end=\"499\"><td data-start=\"465\" data-end=\"499\" data-col-size=\"sm\">Departamento Jur\u00eddico<\/td><\/tr><tr data-start=\"500\" data-end=\"534\"><td data-start=\"500\" data-end=\"534\" data-col-size=\"sm\">Departamento Cont\u00e1bil<\/td><\/tr><tr data-start=\"535\" data-end=\"571\"><td data-start=\"535\" data-end=\"571\" data-col-size=\"sm\">Departamento de Controle Interno<\/td><\/tr><\/tbody><\/table><div class=\"sticky end-(--thread-content-margin) h-0 self-end select-none\"><div class=\"absolute end-0 flex items-end\">\u00a0<\/div><\/div><\/div><\/div><hr data-start=\"573\" data-end=\"576\" \/><h3 data-start=\"578\" data-end=\"638\"><strong data-start=\"582\" data-end=\"638\">3. Cargos Comissionados e Quantitativo de Servidores<\/strong><\/h3><div class=\"_tableContainer_16hzy_1\"><div class=\"_tableWrapper_16hzy_14 group flex w-fit flex-col-reverse\" tabindex=\"-1\"><table class=\"w-fit min-w-(--thread-content-width)\" data-start=\"640\" data-end=\"1388\"><thead data-start=\"640\" data-end=\"689\"><tr data-start=\"640\" data-end=\"689\"><th data-start=\"640\" data-end=\"675\" data-col-size=\"sm\">Cargo<\/th><th data-start=\"675\" data-end=\"689\" data-col-size=\"sm\">Quantidade<\/th><\/tr><\/thead><tbody data-start=\"740\" data-end=\"1388\"><tr data-start=\"740\" data-end=\"789\"><td data-start=\"740\" data-end=\"775\" data-col-size=\"sm\">Assessor Parlamentar<\/td><td data-col-size=\"sm\" data-start=\"775\" data-end=\"789\">1<\/td><\/tr><tr data-start=\"790\" data-end=\"839\"><td data-start=\"790\" data-end=\"825\" data-col-size=\"sm\">Assessor Jur\u00eddico<\/td><td data-col-size=\"sm\" data-start=\"825\" data-end=\"839\">1<\/td><\/tr><tr data-start=\"840\" data-end=\"889\"><td data-start=\"840\" data-end=\"875\" data-col-size=\"sm\">Assessor Cont\u00e1bil<\/td><td data-col-size=\"sm\" data-start=\"875\" data-end=\"889\">1<\/td><\/tr><tr data-start=\"890\" data-end=\"939\"><td data-start=\"890\" data-end=\"925\" data-col-size=\"sm\">Diretor de Plen\u00e1rio<\/td><td data-col-size=\"sm\" data-start=\"925\" data-end=\"939\">1<\/td><\/tr><tr data-start=\"940\" data-end=\"989\"><td data-start=\"940\" data-end=\"975\" data-col-size=\"sm\">Coordenador de Almoxarifado<\/td><td data-col-size=\"sm\" data-start=\"975\" data-end=\"989\">1<\/td><\/tr><tr data-start=\"990\" data-end=\"1039\"><td data-start=\"990\" data-end=\"1025\" data-col-size=\"sm\">Coordenador de Publica\u00e7\u00f5es<\/td><td data-col-size=\"sm\" data-start=\"1025\" data-end=\"1039\">1<\/td><\/tr><tr data-start=\"1040\" data-end=\"1089\"><td data-start=\"1040\" data-end=\"1075\" data-col-size=\"sm\">Coordenador de Copa e Cozinha<\/td><td data-col-size=\"sm\" data-start=\"1075\" data-end=\"1089\">1<\/td><\/tr><tr data-start=\"1090\" data-end=\"1139\"><td data-start=\"1090\" data-end=\"1125\" data-col-size=\"sm\">Tesoureiro<\/td><td data-col-size=\"sm\" data-start=\"1125\" data-end=\"1139\">1<\/td><\/tr><tr data-start=\"1140\" data-end=\"1189\"><td data-start=\"1140\" data-end=\"1175\" data-col-size=\"sm\">Controlador Geral<\/td><td data-col-size=\"sm\" data-start=\"1175\" data-end=\"1189\">1<\/td><\/tr><tr data-start=\"1190\" data-end=\"1238\"><td data-start=\"1190\" data-end=\"1228\" data-col-size=\"sm\">Assistente de Seguran\u00e7a Patrimonial<\/td><td data-col-size=\"sm\" data-start=\"1228\" data-end=\"1238\">2<\/td><\/tr><tr data-start=\"1239\" data-end=\"1288\"><td data-start=\"1239\" data-end=\"1274\" data-col-size=\"sm\">Motorista<\/td><td data-col-size=\"sm\" data-start=\"1274\" data-end=\"1288\">1<\/td><\/tr><tr data-start=\"1289\" data-end=\"1338\"><td data-start=\"1289\" data-end=\"1324\" data-col-size=\"sm\">Agente de Servi\u00e7os Gerais<\/td><td data-col-size=\"sm\" data-start=\"1324\" data-end=\"1338\">1<\/td><\/tr><tr data-start=\"1339\" data-end=\"1388\"><td data-start=\"1339\" data-end=\"1374\" data-col-size=\"sm\">Agente de Contrata\u00e7\u00e3o<\/td><td data-col-size=\"sm\" data-start=\"1374\" data-end=\"1388\">1<\/td><\/tr><\/tbody><\/table><div class=\"sticky end-(--thread-content-margin) h-0 self-end select-none\"><div class=\"absolute end-0 flex items-end\">\u00a0<\/div><\/div><\/div><\/div><hr data-start=\"1390\" data-end=\"1393\" \/><h3 data-start=\"1395\" data-end=\"1431\"><strong data-start=\"1399\" data-end=\"1431\">4. Hierarquia e Subordina\u00e7\u00e3o<\/strong><\/h3><div class=\"_tableContainer_16hzy_1\"><div class=\"_tableWrapper_16hzy_14 group flex w-fit flex-col-reverse\" tabindex=\"-1\"><table class=\"w-fit min-w-(--thread-content-width)\" data-start=\"1433\" data-end=\"1792\"><thead data-start=\"1433\" data-end=\"1490\"><tr data-start=\"1433\" data-end=\"1490\"><th data-start=\"1433\" data-end=\"1490\" data-col-size=\"lg\">Estrutura<\/th><\/tr><\/thead><tbody data-start=\"1550\" data-end=\"1792\"><tr data-start=\"1550\" data-end=\"1608\"><td data-start=\"1550\" data-end=\"1608\" data-col-size=\"lg\">A Mesa Diretora \u00e9 respons\u00e1vel pela gest\u00e3o da C\u00e2mara.<\/td><\/tr><tr data-start=\"1609\" data-end=\"1667\"><td data-start=\"1609\" data-end=\"1667\" data-col-size=\"lg\">Os departamentos respondem \u00e0 Presid\u00eancia da C\u00e2mara.<\/td><\/tr><tr data-start=\"1668\" data-end=\"1792\"><td data-start=\"1668\" data-end=\"1792\" data-col-size=\"lg\">Os servidores comissionados exercem fun\u00e7\u00f5es de assessoria e apoio administrativo, cada um vinculado ao respectivo setor.<\/td><\/tr><\/tbody><\/table><\/div><\/div>\t\t\t\t\t\t\t\t<\/div>\n\t\t\t\t<\/div>\n\t\t\t\t\t<\/div>\n\t\t\t\t<\/div>\n\t\t\t\t<\/div>\n\t\t","protected":false},"excerpt":{"rendered":"<p>|\u00a0XML\u2193\u00a0| >\u00a0| PDF\u2193\u00a0\u00a0| IMPRIMIR\u2193\u00a0\u00a0| &nbsp; 1. Mesa Diretora Cargo Presidente Vice-Presidente 1\u00ba Secret\u00e1rio 2\u00ba Secret\u00e1rio Demais Vereadores \u00a0 2. Departamentos e Secretaria Setor Administrativo Secretaria da C\u00e2mara Departamento Jur\u00eddico Departamento Cont\u00e1bil Departamento de Controle Interno \u00a0 3. Cargos Comissionados e Quantitativo de Servidores Cargo Quantidade Assessor Parlamentar 1 Assessor Jur\u00eddico 1 Assessor Cont\u00e1bil 1 Diretor [&hellip;]<\/p>\n","protected":false},"author":1,"featured_media":0,"parent":0,"menu_order":0,"comment_status":"closed","ping_status":"closed","template":"","meta":{"ocean_post_layout":"full-width","ocean_both_sidebars_style":"","ocean_both_sidebars_content_width":0,"ocean_both_sidebars_sidebars_width":0,"ocean_sidebar":"0","ocean_second_sidebar":"0","ocean_disable_margins":"enable","ocean_add_body_class":"","ocean_shortcode_before_top_bar":"","ocean_shortcode_after_top_bar":"","ocean_shortcode_before_header":"","ocean_shortcode_after_header":"","ocean_has_shortcode":"","ocean_shortcode_after_title":"","ocean_shortcode_before_footer_widgets":"","ocean_shortcode_after_footer_widgets":"","ocean_shortcode_before_footer_bottom":"","ocean_shortcode_after_footer_bottom":"","ocean_display_top_bar":"default","ocean_display_header":"default","ocean_header_style":"","ocean_center_header_left_menu":"0","ocean_custom_header_template":"0","ocean_custom_logo":0,"ocean_custom_retina_logo":0,"ocean_custom_logo_max_width":0,"ocean_custom_logo_tablet_max_width":0,"ocean_custom_logo_mobile_max_width":0,"ocean_custom_logo_max_height":0,"ocean_custom_logo_tablet_max_height":0,"ocean_custom_logo_mobile_max_height":0,"ocean_header_custom_menu":"0","ocean_menu_typo_font_family":"0","ocean_menu_typo_font_subset":"","ocean_menu_typo_font_size":0,"ocean_menu_typo_font_size_tablet":0,"ocean_menu_typo_font_size_mobile":0,"ocean_menu_typo_font_size_unit":"px","ocean_menu_typo_font_weight":"","ocean_menu_typo_font_weight_tablet":"","ocean_menu_typo_font_weight_mobile":"","ocean_menu_typo_transform":"","ocean_menu_typo_transform_tablet":"","ocean_menu_typo_transform_mobile":"","ocean_menu_typo_line_height":0,"ocean_menu_typo_line_height_tablet":0,"ocean_menu_typo_line_height_mobile":0,"ocean_menu_typo_line_height_unit":"","ocean_menu_typo_spacing":0,"ocean_menu_typo_spacing_tablet":0,"ocean_menu_typo_spacing_mobile":0,"ocean_menu_typo_spacing_unit":"","ocean_menu_link_color":"","ocean_menu_link_color_hover":"","ocean_menu_link_color_active":"","ocean_menu_link_background":"","ocean_menu_link_hover_background":"","ocean_menu_link_active_background":"","ocean_menu_social_links_bg":"","ocean_menu_social_hover_links_bg":"","ocean_menu_social_links_color":"","ocean_menu_social_hover_links_color":"","ocean_disable_title":"default","ocean_disable_heading":"default","ocean_post_title":"","ocean_post_subheading":"","ocean_post_title_style":"","ocean_post_title_background_color":"","ocean_post_title_background":0,"ocean_post_title_bg_image_position":"","ocean_post_title_bg_image_attachment":"","ocean_post_title_bg_image_repeat":"","ocean_post_title_bg_image_size":"","ocean_post_title_height":0,"ocean_post_title_bg_overlay":0.5,"ocean_post_title_bg_overlay_color":"","ocean_disable_breadcrumbs":"default","ocean_breadcrumbs_color":"","ocean_breadcrumbs_separator_color":"","ocean_breadcrumbs_links_color":"","ocean_breadcrumbs_links_hover_color":"","ocean_display_footer_widgets":"default","ocean_display_footer_bottom":"default","ocean_custom_footer_template":"0","_joinchat":[],"footnotes":""},"class_list":["post-527","page","type-page","status-publish","hentry","entry"],"_links":{"self":[{"href":"https:\/\/caicaradoriodovento.rn.leg.br\/transparente\/wp-json\/wp\/v2\/pages\/527","targetHints":{"allow":["GET"]}}],"collection":[{"href":"https:\/\/caicaradoriodovento.rn.leg.br\/transparente\/wp-json\/wp\/v2\/pages"}],"about":[{"href":"https:\/\/caicaradoriodovento.rn.leg.br\/transparente\/wp-json\/wp\/v2\/types\/page"}],"author":[{"embeddable":true,"href":"https:\/\/caicaradoriodovento.rn.leg.br\/transparente\/wp-json\/wp\/v2\/users\/1"}],"replies":[{"embeddable":true,"href":"https:\/\/caicaradoriodovento.rn.leg.br\/transparente\/wp-json\/wp\/v2\/comments?post=527"}],"version-history":[{"count":19,"href":"https:\/\/caicaradoriodovento.rn.leg.br\/transparente\/wp-json\/wp\/v2\/pages\/527\/revisions"}],"predecessor-version":[{"id":5440,"href":"https:\/\/caicaradoriodovento.rn.leg.br\/transparente\/wp-json\/wp\/v2\/pages\/527\/revisions\/5440"}],"wp:attachment":[{"href":"https:\/\/caicaradoriodovento.rn.leg.br\/transparente\/wp-json\/wp\/v2\/media?parent=527"}],"curies":[{"name":"wp","href":"https:\/\/api.w.org\/{rel}","templated":true}]}}