{"id":863,"date":"2025-01-29T10:53:26","date_gmt":"2025-01-29T13:53:26","guid":{"rendered":"https:\/\/caicaradoriodovento.rn.leg.br\/transparente\/?page_id=863"},"modified":"2025-05-06T15:09:39","modified_gmt":"2025-05-06T18:09:39","slug":"presidente-da-camara","status":"publish","type":"page","link":"https:\/\/caicaradoriodovento.rn.leg.br\/transparente\/presidente-da-camara\/","title":{"rendered":"Presidente da C\u00e2mara"},"content":{"rendered":"\t\t<div data-elementor-type=\"wp-page\" data-elementor-id=\"863\" class=\"elementor elementor-863\" data-elementor-post-type=\"page\">\n\t\t\t\t<div class=\"elementor-element elementor-element-75276e96 e-transform e-flex e-con-boxed e-con e-parent\" data-id=\"75276e96\" data-element_type=\"container\" data-settings=\"{&quot;background_background&quot;:&quot;classic&quot;,&quot;_transform_translateY_effect&quot;:{&quot;unit&quot;:&quot;px&quot;,&quot;size&quot;:-80,&quot;sizes&quot;:[]},&quot;_transform_translateX_effect&quot;:{&quot;unit&quot;:&quot;px&quot;,&quot;size&quot;:&quot;&quot;,&quot;sizes&quot;:[]},&quot;_transform_translateX_effect_tablet&quot;:{&quot;unit&quot;:&quot;px&quot;,&quot;size&quot;:&quot;&quot;,&quot;sizes&quot;:[]},&quot;_transform_translateX_effect_mobile&quot;:{&quot;unit&quot;:&quot;px&quot;,&quot;size&quot;:&quot;&quot;,&quot;sizes&quot;:[]},&quot;_transform_translateY_effect_tablet&quot;:{&quot;unit&quot;:&quot;px&quot;,&quot;size&quot;:&quot;&quot;,&quot;sizes&quot;:[]},&quot;_transform_translateY_effect_mobile&quot;:{&quot;unit&quot;:&quot;px&quot;,&quot;size&quot;:&quot;&quot;,&quot;sizes&quot;:[]}}\">\n\t\t\t\t\t<div class=\"e-con-inner\">\n\t\t\t\t<div class=\"elementor-element elementor-element-b53865f elementor-widget elementor-widget-html\" data-id=\"b53865f\" data-element_type=\"widget\" data-widget_type=\"html.default\">\n\t\t\t\t<div class=\"elementor-widget-container\">\n\t\t\t\t\t<div align=\"right\">|\u00a0<strong><a href=\"\/feed\" target=\"_blank\" rel=\"noopener\">XML\u2193<\/a><\/strong>\u00a0| <a href=\"https:\/\/lajes.rn.gov.br\/transparente\/index\/wp-content\/uploads\/2025\/04\/export.csv\" target=\"_blank\" rel=\"noopener\">\u00a0<strong>CSV\u2193<\/strong><\/a>\u00a0| <a href=\"?print=pdf\" target=\"_blank\" rel=\"noopener\"><strong>PDF<\/strong>\u2193<\/a>\u00a0\u00a0| <a href=\"?print=print\" target=\"_blank\" rel=\"noopener\"><strong>IMPRIMIR<\/strong>\u2193<\/a>\u00a0\u00a0|<\/div>\r\n&nbsp;\t\t\t\t<\/div>\n\t\t\t\t<\/div>\n\t\t\t\t<div class=\"elementor-element elementor-element-8013415 elementor-widget elementor-widget-spacer\" data-id=\"8013415\" data-element_type=\"widget\" data-widget_type=\"spacer.default\">\n\t\t\t\t<div class=\"elementor-widget-container\">\n\t\t\t\t\t\t\t<div class=\"elementor-spacer\">\n\t\t\t<div class=\"elementor-spacer-inner\"><\/div>\n\t\t<\/div>\n\t\t\t\t\t\t<\/div>\n\t\t\t\t<\/div>\n\t\t<div class=\"elementor-element elementor-element-2428995d e-grid e-con-full e-con e-child\" data-id=\"2428995d\" data-element_type=\"container\">\n\t\t<div class=\"elementor-element elementor-element-73b1dd5 e-grid e-con-full e-con e-child\" data-id=\"73b1dd5\" data-element_type=\"container\">\n\t\t\t\t<div class=\"elementor-element elementor-element-557c9afe elementor-widget elementor-widget-image\" data-id=\"557c9afe\" data-element_type=\"widget\" data-widget_type=\"image.default\">\n\t\t\t\t<div class=\"elementor-widget-container\">\n\t\t\t\t\t\t\t\t\t\t\t\t\t\t\t<img decoding=\"async\" width=\"150\" height=\"150\" src=\"https:\/\/caicaradoriodovento.rn.leg.br\/transparente\/wp-content\/uploads\/2025\/02\/francisco-daniel-1-150x150.jpeg\" class=\"attachment-thumbnail size-thumbnail wp-image-2769\" alt=\"\" \/>\t\t\t\t\t\t\t\t\t\t\t\t\t\t\t<\/div>\n\t\t\t\t<\/div>\n\t\t\t\t<div class=\"elementor-element elementor-element-1c72ab84 elementor-widget elementor-widget-text-editor\" data-id=\"1c72ab84\" data-element_type=\"widget\" data-widget_type=\"text-editor.default\">\n\t\t\t\t<div class=\"elementor-widget-container\">\n\t\t\t\t\t\t\t\t\t<p><strong>NOME:<\/strong> Francisco Daniel Vieira Faustino<br \/><strong>CARGO:<\/strong> Vereador Presidente<br \/><strong>PER\u00cdODO DE MANDATO:<\/strong> 2025 \u2013 2028<br \/><strong>PARTIDO:<\/strong> Uni\u00e3o<\/p>\t\t\t\t\t\t\t\t<\/div>\n\t\t\t\t<\/div>\n\t\t\t\t<\/div>\n\t\t<div class=\"elementor-element elementor-element-3cb13ce e-con-full e-flex e-con e-child\" data-id=\"3cb13ce\" data-element_type=\"container\">\n\t\t\t\t<div class=\"elementor-element elementor-element-5e9f85d5 elementor-align-justify elementor-widget elementor-widget-button\" data-id=\"5e9f85d5\" data-element_type=\"widget\" data-widget_type=\"button.default\">\n\t\t\t\t<div class=\"elementor-widget-container\">\n\t\t\t\t\t\t\t\t\t<div class=\"elementor-button-wrapper\">\n\t\t\t\t\t<a class=\"elementor-button elementor-size-sm\" role=\"button\">\n\t\t\t\t\t\t<span class=\"elementor-button-content-wrapper\">\n\t\t\t\t\t\t<span class=\"elementor-button-icon\">\n\t\t\t\t<svg aria-hidden=\"true\" class=\"e-font-icon-svg e-fas-mail-bulk\" viewBox=\"0 0 576 512\" xmlns=\"http:\/\/www.w3.org\/2000\/svg\"><path d=\"M160 448c-25.6 0-51.2-22.4-64-32-64-44.8-83.2-60.8-96-70.4V480c0 17.67 14.33 32 32 32h256c17.67 0 32-14.33 32-32V345.6c-12.8 9.6-32 25.6-96 70.4-12.8 9.6-38.4 32-64 32zm128-192H32c-17.67 0-32 14.33-32 32v16c25.6 19.2 22.4 19.2 115.2 86.4 9.6 6.4 28.8 25.6 44.8 25.6s35.2-19.2 44.8-22.4c92.8-67.2 89.6-67.2 115.2-86.4V288c0-17.67-14.33-32-32-32zm256-96H224c-17.67 0-32 14.33-32 32v32h96c33.21 0 60.59 25.42 63.71 57.82l.29-.22V416h192c17.67 0 32-14.33 32-32V192c0-17.67-14.33-32-32-32zm-32 128h-64v-64h64v64zm-352-96c0-35.29 28.71-64 64-64h224V32c0-17.67-14.33-32-32-32H96C78.33 0 64 14.33 64 32v192h96v-32z\"><\/path><\/svg>\t\t\t<\/span>\n\t\t\t\t\t\t\t\t\t<span class=\"elementor-button-text\">e-mail: vereador.daniel@caicara.rn.leg.br<\/span>\n\t\t\t\t\t<\/span>\n\t\t\t\t\t<\/a>\n\t\t\t\t<\/div>\n\t\t\t\t\t\t\t\t<\/div>\n\t\t\t\t<\/div>\n\t\t\t\t<div class=\"elementor-element elementor-element-19a3f42c elementor-align-justify elementor-widget elementor-widget-button\" data-id=\"19a3f42c\" data-element_type=\"widget\" data-widget_type=\"button.default\">\n\t\t\t\t<div class=\"elementor-widget-container\">\n\t\t\t\t\t\t\t\t\t<div class=\"elementor-button-wrapper\">\n\t\t\t\t\t<a class=\"elementor-button elementor-size-sm\" role=\"button\">\n\t\t\t\t\t\t<span class=\"elementor-button-content-wrapper\">\n\t\t\t\t\t\t<span class=\"elementor-button-icon\">\n\t\t\t\t<svg aria-hidden=\"true\" class=\"e-font-icon-svg e-far-address-book\" viewBox=\"0 0 448 512\" xmlns=\"http:\/\/www.w3.org\/2000\/svg\"><path d=\"M436 160c6.6 0 12-5.4 12-12v-40c0-6.6-5.4-12-12-12h-20V48c0-26.5-21.5-48-48-48H48C21.5 0 0 21.5 0 48v416c0 26.5 21.5 48 48 48h320c26.5 0 48-21.5 48-48v-48h20c6.6 0 12-5.4 12-12v-40c0-6.6-5.4-12-12-12h-20v-64h20c6.6 0 12-5.4 12-12v-40c0-6.6-5.4-12-12-12h-20v-64h20zm-68 304H48V48h320v416zM208 256c35.3 0 64-28.7 64-64s-28.7-64-64-64-64 28.7-64 64 28.7 64 64 64zm-89.6 128h179.2c12.4 0 22.4-8.6 22.4-19.2v-19.2c0-31.8-30.1-57.6-67.2-57.6-10.8 0-18.7 8-44.8 8-26.9 0-33.4-8-44.8-8-37.1 0-67.2 25.8-67.2 57.6v19.2c0 10.6 10 19.2 22.4 19.2z\"><\/path><\/svg>\t\t\t<\/span>\n\t\t\t\t\t\t\t\t\t<span class=\"elementor-button-text\">WhatsApp: (84) 9 9973-0767<\/span>\n\t\t\t\t\t<\/span>\n\t\t\t\t\t<\/a>\n\t\t\t\t<\/div>\n\t\t\t\t\t\t\t\t<\/div>\n\t\t\t\t<\/div>\n\t\t\t\t<div class=\"elementor-element elementor-element-4f96a66f elementor-align-justify elementor-widget elementor-widget-button\" data-id=\"4f96a66f\" data-element_type=\"widget\" data-widget_type=\"button.default\">\n\t\t\t\t<div class=\"elementor-widget-container\">\n\t\t\t\t\t\t\t\t\t<div class=\"elementor-button-wrapper\">\n\t\t\t\t\t<a class=\"elementor-button elementor-size-sm\" role=\"button\">\n\t\t\t\t\t\t<span class=\"elementor-button-content-wrapper\">\n\t\t\t\t\t\t<span class=\"elementor-button-icon\">\n\t\t\t\t<svg aria-hidden=\"true\" class=\"e-font-icon-svg e-fab-instagram\" viewBox=\"0 0 448 512\" xmlns=\"http:\/\/www.w3.org\/2000\/svg\"><path d=\"M224.1 141c-63.6 0-114.9 51.3-114.9 114.9s51.3 114.9 114.9 114.9S339 319.5 339 255.9 287.7 141 224.1 141zm0 189.6c-41.1 0-74.7-33.5-74.7-74.7s33.5-74.7 74.7-74.7 74.7 33.5 74.7 74.7-33.6 74.7-74.7 74.7zm146.4-194.3c0 14.9-12 26.8-26.8 26.8-14.9 0-26.8-12-26.8-26.8s12-26.8 26.8-26.8 26.8 12 26.8 26.8zm76.1 27.2c-1.7-35.9-9.9-67.7-36.2-93.9-26.2-26.2-58-34.4-93.9-36.2-37-2.1-147.9-2.1-184.9 0-35.8 1.7-67.6 9.9-93.9 36.1s-34.4 58-36.2 93.9c-2.1 37-2.1 147.9 0 184.9 1.7 35.9 9.9 67.7 36.2 93.9s58 34.4 93.9 36.2c37 2.1 147.9 2.1 184.9 0 35.9-1.7 67.7-9.9 93.9-36.2 26.2-26.2 34.4-58 36.2-93.9 2.1-37 2.1-147.8 0-184.8zM398.8 388c-7.8 19.6-22.9 34.7-42.6 42.6-29.5 11.7-99.5 9-132.1 9s-102.7 2.6-132.1-9c-19.6-7.8-34.7-22.9-42.6-42.6-11.7-29.5-9-99.5-9-132.1s-2.6-102.7 9-132.1c7.8-19.6 22.9-34.7 42.6-42.6 29.5-11.7 99.5-9 132.1-9s102.7-2.6 132.1 9c19.6 7.8 34.7 22.9 42.6 42.6 11.7 29.5 9 99.5 9 132.1s2.7 102.7-9 132.1z\"><\/path><\/svg>\t\t\t<\/span>\n\t\t\t\t\t\t\t\t\t<span class=\"elementor-button-text\">Instagram: @danielfaustinorn<\/span>\n\t\t\t\t\t<\/span>\n\t\t\t\t\t<\/a>\n\t\t\t\t<\/div>\n\t\t\t\t\t\t\t\t<\/div>\n\t\t\t\t<\/div>\n\t\t\t\t<\/div>\n\t\t\t\t<\/div>\n\t\t\t\t\t<\/div>\n\t\t\t\t<\/div>\n\t\t<div class=\"elementor-element elementor-element-116adc3a e-transform e-flex e-con-boxed e-con e-parent\" data-id=\"116adc3a\" data-element_type=\"container\" data-settings=\"{&quot;background_background&quot;:&quot;classic&quot;,&quot;_transform_translateY_effect&quot;:{&quot;unit&quot;:&quot;px&quot;,&quot;size&quot;:-81,&quot;sizes&quot;:[]},&quot;_transform_translateX_effect&quot;:{&quot;unit&quot;:&quot;px&quot;,&quot;size&quot;:&quot;&quot;,&quot;sizes&quot;:[]},&quot;_transform_translateX_effect_tablet&quot;:{&quot;unit&quot;:&quot;px&quot;,&quot;size&quot;:&quot;&quot;,&quot;sizes&quot;:[]},&quot;_transform_translateX_effect_mobile&quot;:{&quot;unit&quot;:&quot;px&quot;,&quot;size&quot;:&quot;&quot;,&quot;sizes&quot;:[]},&quot;_transform_translateY_effect_tablet&quot;:{&quot;unit&quot;:&quot;px&quot;,&quot;size&quot;:&quot;&quot;,&quot;sizes&quot;:[]},&quot;_transform_translateY_effect_mobile&quot;:{&quot;unit&quot;:&quot;px&quot;,&quot;size&quot;:&quot;&quot;,&quot;sizes&quot;:[]}}\">\n\t\t\t\t\t<div class=\"e-con-inner\">\n\t\t\t\t<div class=\"elementor-element elementor-element-7082982 e-n-tabs-mobile elementor-widget elementor-widget-n-tabs\" data-id=\"7082982\" data-element_type=\"widget\" data-settings=\"{&quot;horizontal_scroll&quot;:&quot;disable&quot;}\" data-widget_type=\"nested-tabs.default\">\n\t\t\t\t<div class=\"elementor-widget-container\">\n\t\t\t\t\t\t\t<div class=\"e-n-tabs\" data-widget-number=\"117975426\" aria-label=\"Abas. Abra itens com &quot;Enter&quot; ou &quot;Espa\u00e7o&quot;, feche com &quot;Escape&quot; e navegue usando as teclas de &quot;Seta&quot;.\">\n\t\t\t<div class=\"e-n-tabs-heading\" role=\"tablist\">\n\t\t\t\t\t<button id=\"e-n-tab-title-1179754261\" data-tab-title-id=\"e-n-tab-title-1179754261\" class=\"e-n-tab-title\" aria-selected=\"true\" data-tab-index=\"1\" role=\"tab\" tabindex=\"0\" aria-controls=\"e-n-tab-content-1179754261\" style=\"--n-tabs-title-order: 1;\">\n\t\t\t\t\t\t<span class=\"e-n-tab-title-text\">\n\t\t\t\tBiografia\t\t\t<\/span>\n\t\t<\/button>\n\t\t\t\t<button id=\"e-n-tab-title-1179754262\" data-tab-title-id=\"e-n-tab-title-1179754262\" class=\"e-n-tab-title\" aria-selected=\"false\" data-tab-index=\"2\" role=\"tab\" tabindex=\"-1\" aria-controls=\"e-n-tab-content-1179754262\" style=\"--n-tabs-title-order: 2;\">\n\t\t\t\t\t\t<span class=\"e-n-tab-title-text\">\n\t\t\t\tMandatos\t\t\t<\/span>\n\t\t<\/button>\n\t\t\t\t<button id=\"e-n-tab-title-1179754263\" data-tab-title-id=\"e-n-tab-title-1179754263\" class=\"e-n-tab-title\" aria-selected=\"false\" data-tab-index=\"3\" role=\"tab\" tabindex=\"-1\" aria-controls=\"e-n-tab-content-1179754263\" style=\"--n-tabs-title-order: 3;\">\n\t\t\t\t\t\t<span class=\"e-n-tab-title-text\">\n\t\t\t\tProposi\u00e7\u00f5es e Mat\u00e9rias\t\t\t<\/span>\n\t\t<\/button>\n\t\t\t\t\t<\/div>\n\t\t\t<div class=\"e-n-tabs-content\">\n\t\t\t\t<div id=\"e-n-tab-content-1179754261\" role=\"tabpanel\" aria-labelledby=\"e-n-tab-title-1179754261\" data-tab-index=\"1\" style=\"--n-tabs-title-order: 1;\" class=\"e-active elementor-element elementor-element-2a539a06 e-con-full e-flex e-con e-child\" data-id=\"2a539a06\" data-element_type=\"container\">\n\t\t\t\t<div class=\"elementor-element elementor-element-7dad5c6b elementor-widget elementor-widget-text-editor\" data-id=\"7dad5c6b\" data-element_type=\"widget\" data-widget_type=\"text-editor.default\">\n\t\t\t\t<div class=\"elementor-widget-container\">\n\t\t\t\t\t\t\t\t\t<p style=\"text-align: left;\"><strong><label class=\"form-label\">BIOGRAFIA:<\/label><\/strong><\/p><p style=\"text-align: left;\"><label class=\"form-label\">Nome Completo: <\/label><label>FRANCISCO DANIEL VIEIRA FAUSTINO<\/label><\/p><p style=\"text-align: left;\"><label class=\"form-label\">Data de Nascimento: <\/label><label>26\/06\/1983<\/label><\/p><p style=\"text-align: left;\"><label class=\"form-label\">G\u00eanero: <\/label><label>Masculino<\/label><\/p><p style=\"text-align: left;\"><label class=\"form-label\">Cor \/ Ra\u00e7a: <\/label><label>Parda<\/label><\/p><p style=\"text-align: left;\"><label class=\"form-label\">Estado Civil: <\/label><label>Casado(a)<\/label><\/p><p style=\"text-align: left;\"><label class=\"form-label\">Ocupa\u00e7\u00e3o:<\/label><label>Produtor Agropecu\u00e1rio<\/label><\/p><p style=\"text-align: left;\"><label class=\"form-label\">Nacionalidade \/ Naturalidade: <\/label><label>Brasileira Nata \/ RN-Natal<\/label><\/p><p style=\"text-align: left;\"><label class=\"form-label\">Grau de Instru\u00e7\u00e3o: <\/label><label>Ensino M\u00e9dio Completo<\/label><\/p><p>Formado como t\u00e9cnico agr\u00edcola em agropecu\u00e1ria pela Escola Agr\u00edcola de Jundia\u00ed (EAJ) \u2013 Universidade Federal do Rio Grande do Norte (UFRN).<\/p><p>Ao longo de 20 anos de vida p\u00fablica, exerceu os cargos de 1\u00ba Secret\u00e1rio, 2\u00ba Secret\u00e1rio e membro da Mesa Diretora. Em 2013, assumiu a presid\u00eancia da C\u00e2mara e, atualmente, ocupa novamente o cargo de presidente da Casa.<\/p><p><strong>Cargos ocupados na gest\u00e3o p\u00fablica<\/strong><\/p><p>2010 \u2013 Secret\u00e1rio-Chefe de Gabinete<br \/>2019 \u2013 Secret\u00e1rio de Agricultura e Meio Ambiente<\/p><p><strong>Atua\u00e7\u00e3o Legislativa<\/strong><\/p><p>Foco em pol\u00edticas p\u00fablicas voltadas para o homem do campo, esporte, assist\u00eancia social e sa\u00fade.<\/p><p><strong>Principais projetos de lei e iniciativas apresentadas<\/strong><\/p><p>Lei n\u00ba 458\/2021 \u2013 Projetos de lei voltados para a agricultura<br \/>Lei n\u00ba 475\/2022 \u2013 Projetos de lei voltados para a sa\u00fade<\/p><p><strong>\u00c1reas de interesse e bandeiras defendidas<\/strong><\/p><p>\u2022Agricultura<br \/>\u2022 Sa\u00fade<br \/>\u2022 Assist\u00eancia social<br \/>\u2022 Esporte<\/p><p><strong>Participa\u00e7\u00e3o em comiss\u00f5es e frentes parlamentares<\/strong><\/p><p>\u2022 Comiss\u00e3o de Justi\u00e7a e Reda\u00e7\u00e3o<br \/>\u2022 Comiss\u00e3o de Finan\u00e7as e Or\u00e7amento<\/p>\t\t\t\t\t\t\t\t<\/div>\n\t\t\t\t<\/div>\n\t\t\t\t<\/div>\n\t\t<div id=\"e-n-tab-content-1179754262\" role=\"tabpanel\" aria-labelledby=\"e-n-tab-title-1179754262\" data-tab-index=\"2\" style=\"--n-tabs-title-order: 2;\" class=\" elementor-element elementor-element-4e3da426 e-con-full e-flex e-con e-child\" data-id=\"4e3da426\" data-element_type=\"container\">\n\t\t\t\t<div class=\"elementor-element elementor-element-8dfc743 elementor-widget elementor-widget-text-editor\" data-id=\"8dfc743\" data-element_type=\"widget\" data-widget_type=\"text-editor.default\">\n\t\t\t\t<div class=\"elementor-widget-container\">\n\t\t\t\t\t\t\t\t\t<p>Atualmente, exerce seu sexto mandato consecutivo como vereador:<\/p><p>1\u00ba \u2013 2005-2008<br \/>2\u00ba \u2013 2009-2012<br \/>3\u00ba \u2013 2013-2016<br \/>4\u00ba \u2013 2017-2020<br \/>5\u00ba \u2013 2021-2024<br \/>6\u00ba \u2013 2025-2028<\/p>\t\t\t\t\t\t\t\t<\/div>\n\t\t\t\t<\/div>\n\t\t\t\t<\/div>\n\t\t<div id=\"e-n-tab-content-1179754263\" role=\"tabpanel\" aria-labelledby=\"e-n-tab-title-1179754263\" data-tab-index=\"3\" style=\"--n-tabs-title-order: 3;\" class=\" elementor-element elementor-element-7e4d1a46 e-con-full e-flex e-con e-child\" data-id=\"7e4d1a46\" data-element_type=\"container\">\n\t\t<div class=\"elementor-element elementor-element-47f86b6 e-flex e-con-boxed e-con e-child\" data-id=\"47f86b6\" data-element_type=\"container\">\n\t\t\t\t\t<div class=\"e-con-inner\">\n\t\t\t\t<div class=\"elementor-element elementor-element-96e9c56 elementor-widget__width-initial elementor-widget elementor-widget-html\" data-id=\"96e9c56\" data-element_type=\"widget\" data-widget_type=\"html.default\">\n\t\t\t\t<div class=\"elementor-widget-container\">\n\t\t\t\t\t<iframe loading=\"lazy\" src=\"https:\/\/caicaradoriodovento.rn.leg.br\/transparente\/?page_id=4509&content-only=1&css=1\" width=\"100%\" height=\"600\" allowfullscreen=\"allowfullscreen\"><\/iframe>\t\t\t\t<\/div>\n\t\t\t\t<\/div>\n\t\t\t\t\t<\/div>\n\t\t\t\t<\/div>\n\t\t\t\t<\/div>\n\t\t\t\t\t<\/div>\n\t\t<\/div>\n\t\t\t\t\t\t<\/div>\n\t\t\t\t<\/div>\n\t\t\t\t<div class=\"elementor-element elementor-element-57905dbe elementor-widget elementor-widget-spacer\" data-id=\"57905dbe\" data-element_type=\"widget\" data-widget_type=\"spacer.default\">\n\t\t\t\t<div class=\"elementor-widget-container\">\n\t\t\t\t\t\t\t<div class=\"elementor-spacer\">\n\t\t\t<div class=\"elementor-spacer-inner\"><\/div>\n\t\t<\/div>\n\t\t\t\t\t\t<\/div>\n\t\t\t\t<\/div>\n\t\t\t\t\t<\/div>\n\t\t\t\t<\/div>\n\t\t\t\t<\/div>\n\t\t","protected":false},"excerpt":{"rendered":"<p>|\u00a0XML\u2193\u00a0| \u00a0CSV\u2193\u00a0| PDF\u2193\u00a0\u00a0| IMPRIMIR\u2193\u00a0\u00a0| &nbsp; NOME: Francisco Daniel Vieira FaustinoCARGO: Vereador PresidentePER\u00cdODO DE MANDATO: 2025 \u2013 2028PARTIDO: Uni\u00e3o e-mail: vereador.daniel@caicara.rn.leg.br WhatsApp: (84) 9 9973-0767 Instagram: @danielfaustinorn Biografia Mandatos Proposi\u00e7\u00f5es e Mat\u00e9rias BIOGRAFIA: Nome Completo: FRANCISCO DANIEL VIEIRA FAUSTINO Data de Nascimento: 26\/06\/1983 G\u00eanero: Masculino Cor \/ Ra\u00e7a: Parda Estado Civil: Casado(a) Ocupa\u00e7\u00e3o:Produtor Agropecu\u00e1rio Nacionalidade \/ [&hellip;]<\/p>\n","protected":false},"author":1,"featured_media":0,"parent":0,"menu_order":0,"comment_status":"closed","ping_status":"closed","template":"","meta":{"ocean_post_layout":"full-width","ocean_both_sidebars_style":"","ocean_both_sidebars_content_width":0,"ocean_both_sidebars_sidebars_width":0,"ocean_sidebar":"0","ocean_second_sidebar":"0","ocean_disable_margins":"enable","ocean_add_body_class":"","ocean_shortcode_before_top_bar":"","ocean_shortcode_after_top_bar":"","ocean_shortcode_before_header":"","ocean_shortcode_after_header":"","ocean_has_shortcode":"","ocean_shortcode_after_title":"","ocean_shortcode_before_footer_widgets":"","ocean_shortcode_after_footer_widgets":"","ocean_shortcode_before_footer_bottom":"","ocean_shortcode_after_footer_bottom":"","ocean_display_top_bar":"default","ocean_display_header":"default","ocean_header_style":"","ocean_center_header_left_menu":"0","ocean_custom_header_template":"0","ocean_custom_logo":0,"ocean_custom_retina_logo":0,"ocean_custom_logo_max_width":0,"ocean_custom_logo_tablet_max_width":0,"ocean_custom_logo_mobile_max_width":0,"ocean_custom_logo_max_height":0,"ocean_custom_logo_tablet_max_height":0,"ocean_custom_logo_mobile_max_height":0,"ocean_header_custom_menu":"0","ocean_menu_typo_font_family":"0","ocean_menu_typo_font_subset":"","ocean_menu_typo_font_size":0,"ocean_menu_typo_font_size_tablet":0,"ocean_menu_typo_font_size_mobile":0,"ocean_menu_typo_font_size_unit":"px","ocean_menu_typo_font_weight":"","ocean_menu_typo_font_weight_tablet":"","ocean_menu_typo_font_weight_mobile":"","ocean_menu_typo_transform":"","ocean_menu_typo_transform_tablet":"","ocean_menu_typo_transform_mobile":"","ocean_menu_typo_line_height":0,"ocean_menu_typo_line_height_tablet":0,"ocean_menu_typo_line_height_mobile":0,"ocean_menu_typo_line_height_unit":"","ocean_menu_typo_spacing":0,"ocean_menu_typo_spacing_tablet":0,"ocean_menu_typo_spacing_mobile":0,"ocean_menu_typo_spacing_unit":"","ocean_menu_link_color":"","ocean_menu_link_color_hover":"","ocean_menu_link_color_active":"","ocean_menu_link_background":"","ocean_menu_link_hover_background":"","ocean_menu_link_active_background":"","ocean_menu_social_links_bg":"","ocean_menu_social_hover_links_bg":"","ocean_menu_social_links_color":"","ocean_menu_social_hover_links_color":"","ocean_disable_title":"default","ocean_disable_heading":"default","ocean_post_title":"","ocean_post_subheading":"","ocean_post_title_style":"","ocean_post_title_background_color":"","ocean_post_title_background":0,"ocean_post_title_bg_image_position":"","ocean_post_title_bg_image_attachment":"","ocean_post_title_bg_image_repeat":"","ocean_post_title_bg_image_size":"","ocean_post_title_height":0,"ocean_post_title_bg_overlay":0.5,"ocean_post_title_bg_overlay_color":"","ocean_disable_breadcrumbs":"default","ocean_breadcrumbs_color":"","ocean_breadcrumbs_separator_color":"","ocean_breadcrumbs_links_color":"","ocean_breadcrumbs_links_hover_color":"","ocean_display_footer_widgets":"default","ocean_display_footer_bottom":"default","ocean_custom_footer_template":"0","_joinchat":[],"footnotes":""},"class_list":["post-863","page","type-page","status-publish","hentry","entry"],"_links":{"self":[{"href":"https:\/\/caicaradoriodovento.rn.leg.br\/transparente\/wp-json\/wp\/v2\/pages\/863","targetHints":{"allow":["GET"]}}],"collection":[{"href":"https:\/\/caicaradoriodovento.rn.leg.br\/transparente\/wp-json\/wp\/v2\/pages"}],"about":[{"href":"https:\/\/caicaradoriodovento.rn.leg.br\/transparente\/wp-json\/wp\/v2\/types\/page"}],"author":[{"embeddable":true,"href":"https:\/\/caicaradoriodovento.rn.leg.br\/transparente\/wp-json\/wp\/v2\/users\/1"}],"replies":[{"embeddable":true,"href":"https:\/\/caicaradoriodovento.rn.leg.br\/transparente\/wp-json\/wp\/v2\/comments?post=863"}],"version-history":[{"count":31,"href":"https:\/\/caicaradoriodovento.rn.leg.br\/transparente\/wp-json\/wp\/v2\/pages\/863\/revisions"}],"predecessor-version":[{"id":4519,"href":"https:\/\/caicaradoriodovento.rn.leg.br\/transparente\/wp-json\/wp\/v2\/pages\/863\/revisions\/4519"}],"wp:attachment":[{"href":"https:\/\/caicaradoriodovento.rn.leg.br\/transparente\/wp-json\/wp\/v2\/media?parent=863"}],"curies":[{"name":"wp","href":"https:\/\/api.w.org\/{rel}","templated":true}]}}